{"id":2,"date":"2022-01-18T21:16:09","date_gmt":"2022-01-18T21:16:09","guid":{"rendered":"http:\/\/spala24.pl\/?page_id=2"},"modified":"2022-01-18T22:00:42","modified_gmt":"2022-01-18T22:00:42","slug":"sample-page","status":"publish","type":"page","link":"https:\/\/spala24.pl\/","title":{"rendered":"Atrakcje, noclegi i restauracje w Spale"},"content":{"rendered":"<div id=\"lmm_217d7ec8\" style=\"width:640px;\" class=\"mapsmarker layermap layer-2\">\n<div id=\"lmm_panel_217d7ec8\" class=\"lmm-panel\" style=\"background:#efefef;\">\n<div id=\"lmm_panel_api_217d7ec8\" class=\"lmm-panel-api\"><\/div><div id=\"lmm_panel_text_217d7ec8\" class=\"lmm-panel-text\" style=\"font-weight:bold;color:#373737;\">Spa\u0142a<\/div>\n<\/div>\n<div id=\"lmm_map_217d7ec8\" class=\"lmm-map\" style=\"background:#f6f6f6;border:1px solid #ccc;height:480px; overflow:hidden;padding:0;\"><p style=\"font-size:80%;color:#9f9e9e;margin-left:5px;\">\u0142adowanie mapy - prosz\u0119 czeka\u0107...<noscript><br\/><strong>Mapa nie mo\u017ce by\u0107 zaczytana - prosz\u0119 w\u0142\u0105czy\u0107 obs\u0142ug\u0119 Javascript!<\/strong><br\/><a style=\"text-decoration:none;\" href=\"https:\/\/www.mapsmarker.com\/js-disabled\" target=\"_blank\">&rarr; wi\u0119cej informacji<\/a><\/noscript><\/p><\/div>\n<div id=\"lmm_geo_tags_217d7ec8_2\" class=\"lmm-geo-tags geo\">Pos\u0105g \u017bubra: <span class=\"latitude\">51.540260<\/span>, <span class=\"longitude\">20.134940<\/span><\/div>\n<div id=\"lmm_geo_tags_217d7ec8_3\" class=\"lmm-geo-tags geo\">Carska Wie\u017ca: <span class=\"latitude\">51.540900<\/span>, <span class=\"longitude\">20.136630<\/span><\/div>\n<div id=\"lmm_geo_tags_217d7ec8_4\" class=\"lmm-geo-tags geo\">Domki Zako\u015bciele: <span class=\"latitude\">51.529159<\/span>, <span class=\"longitude\">20.245331<\/span><\/div>\n<div id=\"lmm_geo_tags_217d7ec8_5\" class=\"lmm-geo-tags geo\">Restauracja Pod \u017bubrem: <span class=\"latitude\">51.543056<\/span>, <span class=\"longitude\">20.136172<\/span><\/div>\n<div id=\"lmm_geo_tags_217d7ec8_6\" class=\"lmm-geo-tags geo\">Rezydencja Spalska: <span class=\"latitude\">51.542547<\/span>, <span class=\"longitude\">20.137779<\/span><\/div>\n<div id=\"lmm_geo_tags_217d7ec8_7\" class=\"lmm-geo-tags geo\">Karczma Spalska: <span class=\"latitude\">51.540444<\/span>, <span class=\"longitude\">20.138593<\/span><\/div>\n<div id=\"lmm_geo_tags_217d7ec8_8\" class=\"lmm-geo-tags geo\">Pensjonat Karczma Spalska: <span class=\"latitude\">51.540116<\/span>, <span class=\"longitude\">20.139105<\/span><\/div>\n<div id=\"lmm_geo_tags_217d7ec8_9\" class=\"lmm-geo-tags geo\">Hotel Sport Rooms: <span class=\"latitude\">51.543475<\/span>, <span class=\"longitude\">20.137709<\/span><\/div>\n<div id=\"lmm_listmarkers_217d7ec8\" class=\"lmm-listmarkers\" style=\"width:640px;\">\n<table style=\"width:640px;\" id=\"lmm_listmarkers_table_217d7ec8\" class=\"lmm-listmarkers-table\"><tr><td class=\"lmm-listmarkers-icon\"><img decoding=\"async\" style=\"border-radius:0;box-shadow:none;\" alt=\"marker icon\" src=\"http:\/\/spala24.pl\/wp-content\/uploads\/leaflet-maps-marker-icons\/pomniki_miejsca_pamieci.png\" \/><\/td><td class=\"lmm-listmarkers-popuptext\"><div class=\"lmm-listmarkers-panel-icons\"><a href=\"https:\/\/maps.google.com\/maps?daddr=51.540260,20.134940&amp;t=m&amp;layer=1&amp;doflg=ptk&amp;om=0\" target=\"_blank\" title=\"Jak dojecha\u0107\"><img loading=\"lazy\" decoding=\"async\" alt=\"icon-car.png\" src=\"https:\/\/spala24.pl\/wp-content\/plugins\/leaflet-maps-marker\/inc\/img\/icon-car.png\" width=\"14\" height=\"14\" class=\"lmm-panel-api-images\" \/><\/a><\/div><span class=\"lmm-listmarkers-markername\">Pos\u0105g \u017bubra<\/span><\/td><\/tr><tr><td class=\"lmm-listmarkers-icon\"><img decoding=\"async\" style=\"border-radius:0;box-shadow:none;\" alt=\"marker icon\" src=\"http:\/\/spala24.pl\/wp-content\/uploads\/leaflet-maps-marker-icons\/budynki_zabytkowe.png\" \/><\/td><td class=\"lmm-listmarkers-popuptext\"><div class=\"lmm-listmarkers-panel-icons\"><a href=\"https:\/\/maps.google.com\/maps?daddr=51.540900,20.136630&amp;t=m&amp;layer=1&amp;doflg=ptk&amp;om=0\" target=\"_blank\" title=\"Jak dojecha\u0107\"><img loading=\"lazy\" decoding=\"async\" alt=\"icon-car.png\" src=\"https:\/\/spala24.pl\/wp-content\/plugins\/leaflet-maps-marker\/inc\/img\/icon-car.png\" width=\"14\" height=\"14\" class=\"lmm-panel-api-images\" \/><\/a><\/div><span class=\"lmm-listmarkers-markername\">Carska Wie\u017ca<\/span><\/td><\/tr><tr><td class=\"lmm-listmarkers-icon\"><img decoding=\"async\" style=\"border-radius:0;box-shadow:none;\" alt=\"marker icon\" src=\"http:\/\/spala24.pl\/wp-content\/uploads\/leaflet-maps-marker-icons\/lodging-2.png\" \/><\/td><td class=\"lmm-listmarkers-popuptext\"><div class=\"lmm-listmarkers-panel-icons\"><a href=\"https:\/\/maps.google.com\/maps?daddr=51.529159,20.245331&amp;t=m&amp;layer=1&amp;doflg=ptk&amp;om=0\" target=\"_blank\" title=\"Jak dojecha\u0107\"><img loading=\"lazy\" decoding=\"async\" alt=\"icon-car.png\" src=\"https:\/\/spala24.pl\/wp-content\/plugins\/leaflet-maps-marker\/inc\/img\/icon-car.png\" width=\"14\" height=\"14\" class=\"lmm-panel-api-images\" \/><\/a><\/div><span class=\"lmm-listmarkers-markername\">Domki Zako\u015bciele<\/span><\/td><\/tr><tr><td class=\"lmm-listmarkers-icon\"><img decoding=\"async\" style=\"border-radius:0;box-shadow:none;\" alt=\"marker icon\" src=\"http:\/\/spala24.pl\/wp-content\/uploads\/leaflet-maps-marker-icons\/restaurant.png\" \/><\/td><td class=\"lmm-listmarkers-popuptext\"><div class=\"lmm-listmarkers-panel-icons\"><a href=\"https:\/\/maps.google.com\/maps?daddr=51.543056,20.136172&amp;t=m&amp;layer=1&amp;doflg=ptk&amp;om=0\" target=\"_blank\" title=\"Jak dojecha\u0107\"><img loading=\"lazy\" decoding=\"async\" alt=\"icon-car.png\" src=\"https:\/\/spala24.pl\/wp-content\/plugins\/leaflet-maps-marker\/inc\/img\/icon-car.png\" width=\"14\" height=\"14\" class=\"lmm-panel-api-images\" \/><\/a><\/div><span class=\"lmm-listmarkers-markername\">Restauracja Pod \u017bubrem<\/span><\/td><\/tr><tr><td class=\"lmm-listmarkers-icon\"><img decoding=\"async\" style=\"border-radius:0;box-shadow:none;\" alt=\"marker icon\" src=\"http:\/\/spala24.pl\/wp-content\/uploads\/leaflet-maps-marker-icons\/lodging-2.png\" \/><\/td><td class=\"lmm-listmarkers-popuptext\"><div class=\"lmm-listmarkers-panel-icons\"><a href=\"https:\/\/maps.google.com\/maps?daddr=51.542547,20.137779&amp;t=m&amp;layer=1&amp;doflg=ptk&amp;om=0\" target=\"_blank\" title=\"Jak dojecha\u0107\"><img loading=\"lazy\" decoding=\"async\" alt=\"icon-car.png\" src=\"https:\/\/spala24.pl\/wp-content\/plugins\/leaflet-maps-marker\/inc\/img\/icon-car.png\" width=\"14\" height=\"14\" class=\"lmm-panel-api-images\" \/><\/a><\/div><span class=\"lmm-listmarkers-markername\">Rezydencja Spalska<\/span><\/td><\/tr><tr><td class=\"lmm-listmarkers-icon\"><img decoding=\"async\" style=\"border-radius:0;box-shadow:none;\" alt=\"marker icon\" src=\"http:\/\/spala24.pl\/wp-content\/uploads\/leaflet-maps-marker-icons\/restaurant.png\" \/><\/td><td class=\"lmm-listmarkers-popuptext\"><div class=\"lmm-listmarkers-panel-icons\"><a href=\"https:\/\/maps.google.com\/maps?daddr=51.540444,20.138593&amp;t=m&amp;layer=1&amp;doflg=ptk&amp;om=0\" target=\"_blank\" title=\"Jak dojecha\u0107\"><img loading=\"lazy\" decoding=\"async\" alt=\"icon-car.png\" src=\"https:\/\/spala24.pl\/wp-content\/plugins\/leaflet-maps-marker\/inc\/img\/icon-car.png\" width=\"14\" height=\"14\" class=\"lmm-panel-api-images\" \/><\/a><\/div><span class=\"lmm-listmarkers-markername\">Karczma Spalska<\/span><\/td><\/tr><tr><td class=\"lmm-listmarkers-icon\"><img decoding=\"async\" style=\"border-radius:0;box-shadow:none;\" alt=\"marker icon\" src=\"http:\/\/spala24.pl\/wp-content\/uploads\/leaflet-maps-marker-icons\/lodging-2.png\" \/><\/td><td class=\"lmm-listmarkers-popuptext\"><div class=\"lmm-listmarkers-panel-icons\"><a href=\"https:\/\/maps.google.com\/maps?daddr=51.540116,20.139105&amp;t=m&amp;layer=1&amp;doflg=ptk&amp;om=0\" target=\"_blank\" title=\"Jak dojecha\u0107\"><img loading=\"lazy\" decoding=\"async\" alt=\"icon-car.png\" src=\"https:\/\/spala24.pl\/wp-content\/plugins\/leaflet-maps-marker\/inc\/img\/icon-car.png\" width=\"14\" height=\"14\" class=\"lmm-panel-api-images\" \/><\/a><\/div><span class=\"lmm-listmarkers-markername\">Pensjonat Karczma Spalska<\/span><\/td><\/tr><tr><td class=\"lmm-listmarkers-icon\"><img decoding=\"async\" style=\"border-radius:0;box-shadow:none;\" alt=\"marker icon\" src=\"http:\/\/spala24.pl\/wp-content\/uploads\/leaflet-maps-marker-icons\/lodging-2.png\" \/><\/td><td class=\"lmm-listmarkers-popuptext\"><div class=\"lmm-listmarkers-panel-icons\"><a href=\"https:\/\/maps.google.com\/maps?daddr=51.543475,20.137709&amp;t=m&amp;layer=1&amp;doflg=ptk&amp;om=0\" target=\"_blank\" title=\"Jak dojecha\u0107\"><img loading=\"lazy\" decoding=\"async\" alt=\"icon-car.png\" src=\"https:\/\/spala24.pl\/wp-content\/plugins\/leaflet-maps-marker\/inc\/img\/icon-car.png\" width=\"14\" height=\"14\" class=\"lmm-panel-api-images\" \/><\/a><\/div><span class=\"lmm-listmarkers-markername\">Hotel Sport Rooms<\/span><\/td><\/tr><\/table><\/div><\/div>\n","protected":false},"excerpt":{"rendered":"","protected":false},"author":1,"featured_media":0,"parent":0,"menu_order":0,"comment_status":"closed","ping_status":"open","template":"","meta":{"footnotes":""},"class_list":["post-2","page","type-page","status-publish","hentry"],"_links":{"self":[{"href":"https:\/\/spala24.pl\/index.php\/wp-json\/wp\/v2\/pages\/2","targetHints":{"allow":["GET"]}}],"collection":[{"href":"https:\/\/spala24.pl\/index.php\/wp-json\/wp\/v2\/pages"}],"about":[{"href":"https:\/\/spala24.pl\/index.php\/wp-json\/wp\/v2\/types\/page"}],"author":[{"embeddable":true,"href":"https:\/\/spala24.pl\/index.php\/wp-json\/wp\/v2\/users\/1"}],"replies":[{"embeddable":true,"href":"https:\/\/spala24.pl\/index.php\/wp-json\/wp\/v2\/comments?post=2"}],"version-history":[{"count":6,"href":"https:\/\/spala24.pl\/index.php\/wp-json\/wp\/v2\/pages\/2\/revisions"}],"predecessor-version":[{"id":30,"href":"https:\/\/spala24.pl\/index.php\/wp-json\/wp\/v2\/pages\/2\/revisions\/30"}],"wp:attachment":[{"href":"https:\/\/spala24.pl\/index.php\/wp-json\/wp\/v2\/media?parent=2"}],"curies":[{"name":"wp","href":"https:\/\/api.w.org\/{rel}","templated":true}]}}